{"id":260,"date":"2017-08-08T07:17:32","date_gmt":"2017-08-08T07:17:32","guid":{"rendered":"http:\/\/wordpress.masterconnection.com.au\/?page_id=260"},"modified":"2017-09-14T03:47:50","modified_gmt":"2017-09-14T03:47:50","slug":"gioi-thieu","status":"publish","type":"page","link":"https:\/\/masterconnection.com.au\/?page_id=260&lang=vi","title":{"rendered":"Gi\u1edbi Thi\u1ec7u"},"content":{"rendered":"<div class=\"my-header-image\" style=\"background-image: url('http:\/\/masterconnection.com.au\/wp-content\/uploads\/2017\/08\/banner2.jpeg'); background-position-y: 80%;\"><\/div>\n<div class=\"container\">\n<div class=\"panel-grid-cell\">\n<h3 class=\"widget-title\" style=\"color: #443f3f;\">Gi\u1edbi Thi\u1ec7u<\/h3>\n<\/div>\n<p>Master Connection \u0111\u01b0\u1ee3c th\u00e0nh l\u1eadp v\u00e0o n\u0103m 2016 co\u0301 v\u0103n ph\u00f2ng t\u1ea1i Melbourne. M\u1ee5c ti\u00eau c\u1ee7a ch\u00fang t\u00f4i l\u00e0 cung c\u1ea5p d\u1ecbch v\u1ee5 ho\u00e0n to\u00e0n mi\u1ec5n ph\u00ed \u0111\u1ec3 gi\u00fap t\u00e2\u0301t ca\u0309 ca\u0301c kh\u00e1ch h\u00e0ng \u0111\u01b0\u01a1\u0323c k\u1ebft n\u1ed1i \u0111i\u1ec7n, n\u01b0\u1edbc, gas, \u0111i\u1ec7n tho\u1ea1i, internet, truy\u00ea\u0300n hi\u0300nh tra\u0309 ti\u00ea\u0300n va\u0300 ca\u0301c di\u0323ch vu\u0323 kha\u0301c d\u1ec5 d\u00e0ng v\u00e0 nhanh ch\u00f3ng h\u01a1n khi di chuy\u1ec3n nh\u00e0 ho\u1eb7c t\u00ecm c\u00e1ch chuy\u1ec3n \u0111\u1ed5i nh\u00e0 cung c\u1ea5p d\u1ecbch v\u1ee5.<\/p>\n<\/div>\n","protected":false},"excerpt":{"rendered":"<p>Gi\u1edbi Thi\u1ec7u Master Connection \u0111\u01b0\u1ee3c th\u00e0nh l\u1eadp v\u00e0o n\u0103m 2016 co\u0301 v\u0103n ph\u00f2ng t\u1ea1i Melbourne. M\u1ee5c ti\u00eau c\u1ee7a ch\u00fang t\u00f4i l\u00e0 cung c\u1ea5p d\u1ecbch v\u1ee5 ho\u00e0n to\u00e0n mi\u1ec5n ph\u00ed \u0111\u1ec3 gi\u00fap t\u00e2\u0301t ca\u0309 ca\u0301c kh\u00e1ch h\u00e0ng \u0111\u01b0\u01a1\u0323c k\u1ebft n\u1ed1i \u0111i\u1ec7n, n\u01b0\u1edbc, gas, \u0111i\u1ec7n tho\u1ea1i, internet, truy\u00ea\u0300n hi\u0300nh tra\u0309 ti\u00ea\u0300n va\u0300 ca\u0301c di\u0323ch vu\u0323 kha\u0301c d\u1ec5 [&hellip;]<\/p>\n","protected":false},"author":1,"featured_media":0,"parent":0,"menu_order":0,"comment_status":"closed","ping_status":"closed","template":"page-templates\/page_fullwidth.php","meta":{"footnotes":""},"class_list":["post-260","page","type-page","status-publish","hentry"],"_links":{"self":[{"href":"https:\/\/masterconnection.com.au\/index.php?rest_route=\/wp\/v2\/pages\/260","targetHints":{"allow":["GET"]}}],"collection":[{"href":"https:\/\/masterconnection.com.au\/index.php?rest_route=\/wp\/v2\/pages"}],"about":[{"href":"https:\/\/masterconnection.com.au\/index.php?rest_route=\/wp\/v2\/types\/page"}],"author":[{"embeddable":true,"href":"https:\/\/masterconnection.com.au\/index.php?rest_route=\/wp\/v2\/users\/1"}],"replies":[{"embeddable":true,"href":"https:\/\/masterconnection.com.au\/index.php?rest_route=%2Fwp%2Fv2%2Fcomments&post=260"}],"version-history":[{"count":16,"href":"https:\/\/masterconnection.com.au\/index.php?rest_route=\/wp\/v2\/pages\/260\/revisions"}],"predecessor-version":[{"id":740,"href":"https:\/\/masterconnection.com.au\/index.php?rest_route=\/wp\/v2\/pages\/260\/revisions\/740"}],"wp:attachment":[{"href":"https:\/\/masterconnection.com.au\/index.php?rest_route=%2Fwp%2Fv2%2Fmedia&parent=260"}],"curies":[{"name":"wp","href":"https:\/\/api.w.org\/{rel}","templated":true}]}}