{"id":267,"date":"2017-08-08T07:28:20","date_gmt":"2017-08-08T07:28:20","guid":{"rendered":"http:\/\/wordpress.masterconnection.com.au\/?page_id=267"},"modified":"2017-09-14T03:46:39","modified_gmt":"2017-09-14T03:46:39","slug":"dien","status":"publish","type":"page","link":"https:\/\/masterconnection.com.au\/?page_id=267&lang=vi","title":{"rendered":"\u0110i\u1ec7n"},"content":{"rendered":"<div class=\"my-header-image-1\" style=\"background-image: url('http:\/\/masterconnection.com.au\/wp-content\/uploads\/2017\/08\/Electricity.jpg'); background-position-y: 60%;\"><\/div>\n<div class=\"container\">\n<div class=\"panel-grid-cell\">\n<h3 class=\"widget-title\" style=\"color: #443f3f;\">\u0110i\u1ec7n<\/h3>\n<\/div>\n<p>Ch\u00fang t\u00f4i k\u1ebft n\u1ed1i \u0111i\u1ec7n v\u00e0o nh\u00e0 m\u1edbi ho\u1eb7c chuy\u1ec3n \u0111\u1ed5i c\u00f4ng ty \u0111ang cung c\u1ea5p \u0111i\u1ec7n cho b\u1ea1n. Ch\u00fang t\u00f4i li\u00ean k\u1ebft v\u1edbi m\u1ed9t s\u1ed1 c\u00f4ng ty cung c\u1ea5p \u0111i\u1ec7n uy t\u00ednh ha\u0300ng \u0111\u1ea7u tr\u00ean th\u1ecb tr\u01b0\u1eddng c\u00f3 th\u1ec3 cung c\u1ea5p cho b\u1ea1n v\u1edbi nhi\u1ec1u s\u1ef1 l\u1ef1a ch\u1ecdn kh\u00e1c nhau ph\u00f9 h\u1ee3p v\u1edbi nhu c\u1ea7u s\u1eed d\u1ee5ng c\u1ee7a b\u1ea1n \u1edf m\u1ee9c gi\u00e1 th\u1ea5p. C\u00e1c c\u00f4ng ty cung c\u1ea5p \u0111i\u1ec7n c\u00f3 th\u1ec3 kh\u00f4ng y\u00eau c\u1ea7u b\u1ea1n k\u00fd k\u1ebft h\u1ee3p \u0111\u1ed3ng c\u00f3 th\u1eddi h\u1ea1n khi b\u1ea1n \u0111\u1ed3ng \u00fd tham gia d\u1ecbch v\u1ee5 v\u00e0 tr\u1ea3 b\u1ea5t k\u1ef3 chi ph\u00ed n\u00e0o khi b\u1ea1n mu\u1ed1n thay \u0111\u1ed5i h\u1ee3p \u0111\u1ed3ng. \u0110i\u1ec1u n\u00e0y gi\u00fap cho b\u1ea1n d\u1ec5 d\u00e0ng v\u00e0 linh \u0111\u1ed9ng h\u01a1n khi b\u1ea1n mu\u1ed1n thay \u0111\u1ed5i nh\u00e0 cung c\u1ea5p \u0111i\u1ec7n b\u00e2\u0301t c\u01b0\u0301 lu\u0301c na\u0300o.<\/p>\n<\/div>\n","protected":false},"excerpt":{"rendered":"<p>\u0110i\u1ec7n Ch\u00fang t\u00f4i k\u1ebft n\u1ed1i \u0111i\u1ec7n v\u00e0o nh\u00e0 m\u1edbi ho\u1eb7c chuy\u1ec3n \u0111\u1ed5i c\u00f4ng ty \u0111ang cung c\u1ea5p \u0111i\u1ec7n cho b\u1ea1n. Ch\u00fang t\u00f4i li\u00ean k\u1ebft v\u1edbi m\u1ed9t s\u1ed1 c\u00f4ng ty cung c\u1ea5p \u0111i\u1ec7n uy t\u00ednh ha\u0300ng \u0111\u1ea7u tr\u00ean th\u1ecb tr\u01b0\u1eddng c\u00f3 th\u1ec3 cung c\u1ea5p cho b\u1ea1n v\u1edbi nhi\u1ec1u s\u1ef1 l\u1ef1a ch\u1ecdn kh\u00e1c nhau ph\u00f9 h\u1ee3p v\u1edbi [&hellip;]<\/p>\n","protected":false},"author":1,"featured_media":0,"parent":0,"menu_order":0,"comment_status":"closed","ping_status":"closed","template":"page-templates\/page_fullwidth.php","meta":{"footnotes":""},"class_list":["post-267","page","type-page","status-publish","hentry"],"_links":{"self":[{"href":"https:\/\/masterconnection.com.au\/index.php?rest_route=\/wp\/v2\/pages\/267","targetHints":{"allow":["GET"]}}],"collection":[{"href":"https:\/\/masterconnection.com.au\/index.php?rest_route=\/wp\/v2\/pages"}],"about":[{"href":"https:\/\/masterconnection.com.au\/index.php?rest_route=\/wp\/v2\/types\/page"}],"author":[{"embeddable":true,"href":"https:\/\/masterconnection.com.au\/index.php?rest_route=\/wp\/v2\/users\/1"}],"replies":[{"embeddable":true,"href":"https:\/\/masterconnection.com.au\/index.php?rest_route=%2Fwp%2Fv2%2Fcomments&post=267"}],"version-history":[{"count":8,"href":"https:\/\/masterconnection.com.au\/index.php?rest_route=\/wp\/v2\/pages\/267\/revisions"}],"predecessor-version":[{"id":733,"href":"https:\/\/masterconnection.com.au\/index.php?rest_route=\/wp\/v2\/pages\/267\/revisions\/733"}],"wp:attachment":[{"href":"https:\/\/masterconnection.com.au\/index.php?rest_route=%2Fwp%2Fv2%2Fmedia&parent=267"}],"curies":[{"name":"wp","href":"https:\/\/api.w.org\/{rel}","templated":true}]}}