{"id":275,"date":"2017-08-08T07:32:26","date_gmt":"2017-08-08T07:32:26","guid":{"rendered":"http:\/\/wordpress.masterconnection.com.au\/?page_id=275"},"modified":"2017-09-14T03:50:05","modified_gmt":"2017-09-14T03:50:05","slug":"nuoc","status":"publish","type":"page","link":"https:\/\/masterconnection.com.au\/?page_id=275&lang=vi","title":{"rendered":"N\u01b0\u1edbc"},"content":{"rendered":"<div class=\"my-header-image-1\" style=\"background-image: url('http:\/\/masterconnection.com.au\/wp-content\/uploads\/2017\/08\/AdobeStock_79043974_Preview-1-1.jpeg'); background-position-y: 30%;\"><\/div>\n<div class=\"container\">\n<div class=\"panel-grid-cell\">\n<h3 class=\"widget-title\" style=\"color: #443f3f;\">N\u01b0\u1edbc<\/h3>\n<\/div>\n<p>N\u1ebfu b\u1ea1n la\u0300 ng\u01b0\u01a1\u0300i thu\u00ea nha\u0300 \u1edf ti\u1ec3u bang Victoria chu\u0301ng t\u00f4i se\u0303 gi\u00fap b\u1ea1n k\u1ebft n\u1ed1i n\u01b0\u1edbc va\u0300o nha\u0300 ba\u0323n. M\u1ed9t khi chu\u0301ng t\u00f4i nh\u00e2\u0323n \u0111\u01b0\u01a1\u0323c t\u1ea5t c\u1ea3 c\u00e1c th\u00f4ng tin c\u1ea7n thi\u1ebft c\u1ee7a b\u1ea1n ch\u00fang t\u00f4i s\u1ebd ki\u1ec3m tra v\u00e0 cho b\u1ea1n bi\u1ebft ai se\u0303 la\u0300 c\u00f4ng ty cung c\u00e2\u0301p di\u0323ch vu\u0323 n\u01b0\u01a1\u0301c v\u00e0 g\u1eedi chi ti\u00ea\u0301t, y\u00eau c\u1ea7u c\u1ee7a b\u1ea1n \u0111\u1ebfn ho\u0323 \u0111\u1ec3 ti\u00ea\u0301n ha\u0300nh la\u0300m thu\u0309 tu\u0323c k\u1ebft n\u1ed1i di\u0323ch vu\u0323 cho b\u1ea1n. C\u00f4ng ty cung c\u00e2\u0301p di\u0323ch vu\u0323 n\u01b0\u01a1\u0301c s\u1ebd s\u1eafp x\u1ebfp g\u1eedi ng\u01b0\u1eddi ra \u0111\u1ec3 \u0111\u1ecdc \u0111\u1ed3ng h\u1ed3 n\u01b0\u1edbc v\u00e0 sau \u0111\u00f3 b\u0103\u0301t \u0111\u00e2\u0300u ti\u0301nh ti\u00ea\u0300n chi\u0309 ph\u00e2\u0300n n\u01b0\u1edbc ma\u0300 ba\u0323n s\u01b0\u0309 du\u0323ng. Chu\u0309 nha\u0300 se\u0303 pha\u0309i tra\u0309 ti\u00ea\u0300n di\u0323ch vu\u0323 cho bill ri\u00eang. N\u00ea\u0301u ba\u0323n la\u0300 ng\u01b0\u01a1\u0300i mua nha\u0300 thi\u0300 lu\u00e2\u0323t s\u01b0 cu\u0309a ba\u0323n la\u0300 ng\u01b0\u01a1\u0300i giu\u0301p ba\u0323n la\u0300m thu\u0309 tu\u0323c k\u1ebft n\u1ed1i di\u0323ch vu\u0323 n\u01b0\u1edbc cho b\u1ea1n.<\/p>\n<\/div>\n","protected":false},"excerpt":{"rendered":"<p>N\u01b0\u1edbc N\u1ebfu b\u1ea1n la\u0300 ng\u01b0\u01a1\u0300i thu\u00ea nha\u0300 \u1edf ti\u1ec3u bang Victoria chu\u0301ng t\u00f4i se\u0303 gi\u00fap b\u1ea1n k\u1ebft n\u1ed1i n\u01b0\u1edbc va\u0300o nha\u0300 ba\u0323n. M\u1ed9t khi chu\u0301ng t\u00f4i nh\u00e2\u0323n \u0111\u01b0\u01a1\u0323c t\u1ea5t c\u1ea3 c\u00e1c th\u00f4ng tin c\u1ea7n thi\u1ebft c\u1ee7a b\u1ea1n ch\u00fang t\u00f4i s\u1ebd ki\u1ec3m tra v\u00e0 cho b\u1ea1n bi\u1ebft ai se\u0303 la\u0300 c\u00f4ng ty cung c\u00e2\u0301p di\u0323ch vu\u0323 [&hellip;]<\/p>\n","protected":false},"author":1,"featured_media":0,"parent":0,"menu_order":0,"comment_status":"closed","ping_status":"closed","template":"page-templates\/page_fullwidth.php","meta":{"footnotes":""},"class_list":["post-275","page","type-page","status-publish","hentry"],"_links":{"self":[{"href":"https:\/\/masterconnection.com.au\/index.php?rest_route=\/wp\/v2\/pages\/275","targetHints":{"allow":["GET"]}}],"collection":[{"href":"https:\/\/masterconnection.com.au\/index.php?rest_route=\/wp\/v2\/pages"}],"about":[{"href":"https:\/\/masterconnection.com.au\/index.php?rest_route=\/wp\/v2\/types\/page"}],"author":[{"embeddable":true,"href":"https:\/\/masterconnection.com.au\/index.php?rest_route=\/wp\/v2\/users\/1"}],"replies":[{"embeddable":true,"href":"https:\/\/masterconnection.com.au\/index.php?rest_route=%2Fwp%2Fv2%2Fcomments&post=275"}],"version-history":[{"count":13,"href":"https:\/\/masterconnection.com.au\/index.php?rest_route=\/wp\/v2\/pages\/275\/revisions"}],"predecessor-version":[{"id":748,"href":"https:\/\/masterconnection.com.au\/index.php?rest_route=\/wp\/v2\/pages\/275\/revisions\/748"}],"wp:attachment":[{"href":"https:\/\/masterconnection.com.au\/index.php?rest_route=%2Fwp%2Fv2%2Fmedia&parent=275"}],"curies":[{"name":"wp","href":"https:\/\/api.w.org\/{rel}","templated":true}]}}