{"id":277,"date":"2017-08-08T07:33:14","date_gmt":"2017-08-08T07:33:14","guid":{"rendered":"http:\/\/wordpress.masterconnection.com.au\/?page_id=277"},"modified":"2017-09-14T03:49:39","modified_gmt":"2017-09-14T03:49:39","slug":"internet-2","status":"publish","type":"page","link":"https:\/\/masterconnection.com.au\/?page_id=277&lang=vi","title":{"rendered":"Internet"},"content":{"rendered":"<div class=\"my-header-image-1\" style=\"background-image: url('http:\/\/masterconnection.com.au\/wp-content\/uploads\/2017\/08\/AdobeStock_136776838.jpg'); background-position-y: 40%;\"><\/div>\n<div class=\"container\">\n<div class=\"panel-grid-cell\">\n<h3 class=\"widget-title\" style=\"color: #443f3f;\">Internet<\/h3>\n<\/div>\n<p>Ch\u00fang t\u00f4i c\u00f3 nhi\u00ea\u0300u go\u0301i c\u01b0\u01a1\u0301c dich vu\u0323 v\u01a1\u0301i gia\u0301 ca\u0309 r\u1ea5t c\u1ea1nh tranh bao g\u00f4\u0300m Internet, \u0111i\u00ea\u0323n thoa\u0323i va\u0300 truy\u00ea\u0300n hi\u0300nh tra\u0309 ti\u00ea\u0300n ph\u00f9 h\u1ee3p v\u1edbi nhu c\u1ea7u s\u01b0\u0309 du\u0323ng v\u00e0 ng\u00e2n s\u00e1ch c\u1ee7a b\u1ea1n. Ch\u00fang t\u00f4i c\u00f3 th\u1ec3 k\u1ebft n\u1ed1i di\u0323ch vu\u0323 internet tr\u00ean c\u00f4ng ngh\u00ea\u0323 ADSL, Cable hay ma\u0323ng ca\u0301p quang(NBN) cho ba\u0323n. Tuy nhi\u00ean \u0111i\u00ea\u0300u na\u0300y phu\u0323 thu\u00f4\u0323c va\u0300o di\u0323ch vu\u0323 internet na\u0300o \u0111ang hi\u00ea\u0323n co\u0301 ta\u0323i nha\u0300 cu\u0309a ba\u0323n va\u0300 chu\u0301ng t\u00f4i se\u0303 ki\u00ea\u0309m tra va\u0300 th\u00f4ng ba\u0301o cho ba\u0323n bi\u00ea\u0301t.<br \/>\nADSL (Asymmetric Digital Subscriber Line) cung c\u1ea5p k\u1ebft n\u1ed1i internet b\u1eb1ng c\u00e1ch s\u1eed d\u1ee5ng \u0111\u01b0\u01a1\u0300ng d\u00e2y \u0111\u00f4\u0300ng \u0111i\u1ec7n tho\u1ea1i hi\u1ec7n c\u00f3. V\u1edbi c\u00f4ng ngh\u00ea\u0323 ADSL b\u1ea1n se\u0303 du\u0300ng internet va\u0300 \u0111i\u00ea\u0323n thoa\u0323i tr\u00ean cu\u0300ng m\u00f4\u0323t \u0111\u01b0\u01a1\u0300ng d\u00e2y.<br \/>\nCable Internet la\u0300 c\u00f4ng ngh\u00ea\u0323 k\u1ebft n\u1ed1i internet b\u0103\u0300ng ca\u0301ch s\u1eed d\u1ee5ng d\u00e2y c\u00e1p \u0111\u01b0\u01a1\u0323c l\u1eafp \u0111\u1eb7t trong nh\u00e0 c\u1ee7a b\u1ea1n vi\u0300 v\u00e2\u0323y \u0111\u01b0\u01a1\u0300ng d\u00e2y \u0111i\u1ec7n tho\u1ea1i v\u00e0 fax c\u1ee7a b\u1ea1n kh\u00f4ng b\u1ecb \u1ea3nh h\u01b0\u1edfng. Cable Internet co\u0301 th\u00ea\u0309 \u0111a\u0323t t\u1ed1c \u0111\u1ed9 truy c\u00e2\u0323p l\u00ean \u0111\u1ebfn 100Mbps va\u0300 cho ph\u00e9p nhi\u1ec1u ng\u01b0\u1eddi d\u00f9ng cu\u0300ng lu\u0301c chia s\u1ebb k\u1ebft n\u1ed1i internet trong nh\u00e0 cu\u0309a ba\u0323n.<br \/>\nNBN (M\u1ea1ng b\u0103ng r\u1ed9ng qu\u1ed1c gia) l\u00e0 m\u1ea1ng b\u0103ng th\u00f4ng r\u1ed9ng v\u01a1\u0301i t\u1ed1c \u0111\u1ed9 cao \u01a1\u0309 \u00dac. NBN \u0111\u01b0\u1ee3c thi\u1ebft k\u1ebf \u0111\u1ec3 cung c\u1ea5p cho b\u1ea1n ch\u00e2\u0301t l\u01b0\u01a1\u0323ng internet \u00f4\u0309n \u0111i\u0323nh va\u0300 t\u00f4\u0301c \u0111\u00f4\u0323 truy c\u00e2\u0323p nhanh nh\u00e2\u0301t. NBN cho ba\u0323n 4 l\u1ef1a ch\u1ecdn t\u1ed1c \u0111\u1ed9 truy c\u00e2\u0323p kh\u00e1c nhau t\u1eeb t\u1ed1c \u0111\u1ed9 c\u01a1 ba\u0309n 12\/1 Mbps, nhanh 25\/5 Mbps, nhanh h\u01a1n 50\/20 Mbps v\u00e0 cu\u00f4\u0301i cu\u0300ng la\u0300 100\/40 Mbps.<\/p>\n<\/div>\n","protected":false},"excerpt":{"rendered":"<p>Internet Ch\u00fang t\u00f4i c\u00f3 nhi\u00ea\u0300u go\u0301i c\u01b0\u01a1\u0301c dich vu\u0323 v\u01a1\u0301i gia\u0301 ca\u0309 r\u1ea5t c\u1ea1nh tranh bao g\u00f4\u0300m Internet, \u0111i\u00ea\u0323n thoa\u0323i va\u0300 truy\u00ea\u0300n hi\u0300nh tra\u0309 ti\u00ea\u0300n ph\u00f9 h\u1ee3p v\u1edbi nhu c\u1ea7u s\u01b0\u0309 du\u0323ng v\u00e0 ng\u00e2n s\u00e1ch c\u1ee7a b\u1ea1n. Ch\u00fang t\u00f4i c\u00f3 th\u1ec3 k\u1ebft n\u1ed1i di\u0323ch vu\u0323 internet tr\u00ean c\u00f4ng ngh\u00ea\u0323 ADSL, Cable hay ma\u0323ng ca\u0301p quang(NBN) [&hellip;]<\/p>\n","protected":false},"author":1,"featured_media":0,"parent":0,"menu_order":0,"comment_status":"closed","ping_status":"closed","template":"page-templates\/page_fullwidth.php","meta":{"footnotes":""},"class_list":["post-277","page","type-page","status-publish","hentry"],"_links":{"self":[{"href":"https:\/\/masterconnection.com.au\/index.php?rest_route=\/wp\/v2\/pages\/277","targetHints":{"allow":["GET"]}}],"collection":[{"href":"https:\/\/masterconnection.com.au\/index.php?rest_route=\/wp\/v2\/pages"}],"about":[{"href":"https:\/\/masterconnection.com.au\/index.php?rest_route=\/wp\/v2\/types\/page"}],"author":[{"embeddable":true,"href":"https:\/\/masterconnection.com.au\/index.php?rest_route=\/wp\/v2\/users\/1"}],"replies":[{"embeddable":true,"href":"https:\/\/masterconnection.com.au\/index.php?rest_route=%2Fwp%2Fv2%2Fcomments&post=277"}],"version-history":[{"count":8,"href":"https:\/\/masterconnection.com.au\/index.php?rest_route=\/wp\/v2\/pages\/277\/revisions"}],"predecessor-version":[{"id":746,"href":"https:\/\/masterconnection.com.au\/index.php?rest_route=\/wp\/v2\/pages\/277\/revisions\/746"}],"wp:attachment":[{"href":"https:\/\/masterconnection.com.au\/index.php?rest_route=%2Fwp%2Fv2%2Fmedia&parent=277"}],"curies":[{"name":"wp","href":"https:\/\/api.w.org\/{rel}","templated":true}]}}