{"id":279,"date":"2017-08-08T07:36:09","date_gmt":"2017-08-08T07:36:09","guid":{"rendered":"http:\/\/wordpress.masterconnection.com.au\/?page_id=279"},"modified":"2017-11-09T05:11:24","modified_gmt":"2017-11-09T05:11:24","slug":"hoi-dap-2","status":"publish","type":"page","link":"https:\/\/masterconnection.com.au\/?page_id=279","title":{"rendered":"H\u1ecfi \u0111\u00e1p"},"content":{"rendered":"<div class=\"my-header-image\" style=\"background-image: url('http:\/\/masterconnection.com.au\/wp-content\/uploads\/2017\/08\/banner2.jpeg'); background-position-y: 80%;\"><\/div>\n<div class=\"container\">\n<div class=\"panel-grid-cell\">\n<h3 class=\"widget-title\" style=\"color: #443f3f;\">H\u1ecfi \u0110\u00e1p<\/h3>\n<\/div>\n<h4><em>T\u00f4i pha\u0309i tra\u0309 cho di\u0323ch vu\u0323 na\u0300y bao nhi\u00eau?<\/em><\/h4>\n<p>D\u1ecbch v\u1ee5 c\u1ee7a ch\u00fang t\u00f4i l\u00e0 ho\u00e0n to\u00e0n mi\u1ec5n ph\u00ed cho kha\u0301ch ha\u0300ng.<\/p>\n<h4><em>N\u1ebfu d\u1ecbch v\u1ee5 c\u1ee7a b\u1ea1n l\u00e0 mi\u1ec5n ph\u00ed l\u00e0m th\u1ebf n\u00e0o \u0111\u1ec3 b\u1ea1n \u0111\u01b0\u1ee3c tr\u1ea3 ti\u1ec1n?<\/em><\/h4>\n<p>D\u1ecbch v\u1ee5 c\u1ee7a ch\u00fang t\u00f4i ho\u00e0n to\u00e0n mi\u1ec5n ph\u00ed nh\u01b0ng ch\u00fang t\u00f4i c\u00f3 th\u1ec3 \u0111\u01b0\u1ee3c tr\u1ea3 m\u1ed9t kho\u1ea3n ph\u00ed ho\u1eb7c hoa h\u1ed3ng t\u01b0\u0300 c\u00e1c nh\u00e0 cung c\u1ea5p d\u1ecbch v\u1ee5 ma\u0300 b\u1ea1n \u0111a\u0303 ch\u1ecdn.<\/p>\n<h4><em>C\u00e1c nh\u00e0 cung c\u1ea5p d\u1ecbch v\u1ee5 c\u00f3 t\u00ednh l\u00ea\u0323 ph\u00ed k\u1ebft n\u1ed1i d\u1ecbch v\u1ee5 n\u1ebfu t\u00f4i \u0111\u0103ng ky\u0301 th\u00f4ng qua Master Connection?<\/em><\/h4>\n<p>C\u00f3, b\u1ea1n s\u1ebd c\u1ea7n ph\u1ea3i tr\u1ea3 m\u1ed9t kho\u1ea3n l\u00ea\u0323 ph\u00ed k\u1ebft n\u1ed1i cho nh\u00e0 cung c\u1ea5p d\u1ecbch v\u1ee5 c\u1ee7a b\u1ea1n gi\u00f4\u0301ng nh\u01b0 b\u00ecnh th\u01b0\u1eddng.<\/p>\n<h4><em>T\u1ea1i sao t\u00f4i n\u00ean s\u1eed d\u1ee5ng d\u1ecbch v\u1ee5 c\u1ee7a b\u1ea1n trong khi t\u00f4i th\u01b0\u1eddng t\u01b0\u0323 l\u00e0m l\u00e2\u0301y tr\u01b0\u01a1\u0301c kia?<\/em><\/h4>\n<p>M\u1ee5c ti\u00eau c\u1ee7a ch\u00fang t\u00f4i l\u00e0 giu\u0301p cho kh\u00e1ch h\u00e0ng ti\u1ebft ki\u1ec7m th\u1eddi gian, ti\u1ec1n b\u1ea1c v\u00e0 tra\u0301nh nh\u01b0\u0303ng r\u1eafc r\u1ed1i. B\u1eb1ng c\u00e1ch s\u1eed d\u1ee5ng c\u00e1c d\u1ecbch v\u1ee5 c\u1ee7a ch\u00fang t\u00f4i b\u1ea1n s\u1ebd kh\u00f4ng ph\u1ea3i b\u1ecf ra r\u1ea5t nhi\u1ec1u th\u1eddi gian \u0111\u00ea\u0309 g\u1ecdi \u0111i\u1ec7n \u0111\u00ea\u0301n m\u1ed7i nh\u00e0 cung c\u1ea5p d\u1ecbch v\u1ee5, ch\u1edd \u0111\u1ee3i \u0111\u01b0\u01a1\u0323c tr\u1ea3 l\u1eddi r\u00f4\u0300i ng\u1ed3i \u0111\u1ee3i tr\u00ean \u0111i\u00ea\u0323n thoa\u0323i trong khi gia\u0309i quy\u00ea\u0301t v\u00e2\u0301n \u0111\u00ea\u0300 v\u00e0 l\u1eb7p \u0111i l\u1eb7p l\u1ea1i c\u00f9ng m\u1ed9t th\u00f4ng tin b\u01a1\u0309i vi\u0300 ch\u00fang t\u00f4i g\u1ecdi cho b\u1ea1n \u0111\u1ec3 k\u1ebft n\u1ed1i t\u1ea5t c\u1ea3 ca\u0301c di\u0323ch vu\u0323 b\u1ea1n y\u00eau c\u00e2\u0300u trong m\u00f4\u0323t cu\u00f4\u0323c go\u0323i ho\u0103\u0323c \u0111\u01a1n \u0111\u0103ng k\u00fd tr\u1ef1c tuy\u1ebfn tr\u00ean trang web cu\u0309a chu\u0301ng t\u00f4i.<\/p>\n<h4><em>Ba\u0323n co\u0301 th\u00ea\u0309 cung c\u00e2\u0301p ca\u0301c loa\u0323i di\u0323ch vu\u0323 na\u0300o?<\/em><\/h4>\n<p>Ch\u00fang t\u00f4i c\u00f3 th\u1ec3 cung c\u00e2\u0301p n\u01b0\u1edbc, \u0111i\u1ec7n, gas, \u0111i\u1ec7n tho\u1ea1i nh\u00e0, internet, truy\u1ec1n h\u00ecnh tr\u1ea3 ti\u1ec1n v\u00e0 b\u00e1o gi\u00e1 mi\u1ec5n ph\u00ed cho d\u1ecbch v\u1ee5 nh\u01b0 di chuy\u1ec3n nha\u0300, b\u1ea3o hi\u1ec3m, do\u0323n nha\u0300, l\u01b0u tr\u1eef, n\u0103ng l\u01b0\u1ee3ng m\u1eb7t tr\u1eddi, an ninh, thu\u00ea xe t\u1ea3i, la\u0300m v\u01b0\u1eddn, \u0111\u00f3ng g\u00f3i, b\u1ea3o tr\u00ec, t\u00e0i ch\u00ednh.<\/p>\n<h4><em>Ca\u0301c nha\u0300 cung c\u00e2\u0301p d\u1ecbch v\u1ee5 cu\u0309a ba\u0323n la\u0300 ai?<\/em><\/h4>\n<p>Th\u00f4ng qua m\u1ed1i quan h\u1ec7 h\u1ee3p t\u00e1c v\u1edbi Movinghub, ch\u00fang t\u00f4i c\u00f3 th\u1ec3 k\u00ea\u0301t n\u00f4\u0301i v\u01a1\u0301i nhi\u1ec1u nh\u00e0 cung c\u1ea5p d\u1ecbch v\u1ee5 h\u00e0ng \u0111\u1ea7u nh\u01b0 AGL, Energy Australia, Lumo, Powershop, Red Energy, Telstra, Optus, Hello Broadband v\u00e0 nhi\u1ec1u h\u01a1n n\u1eefa.<\/p>\n<p>B\u1ea1n c\u00f3 th\u1ec3 t\u00ecm th\u00eam chi ti\u00ea\u0301t v\u00ea\u0300 c\u00e1c nh\u00e0 cung c\u1ea5p d\u1ecbch v\u1ee5, ch\u01b0\u01a1ng tri\u0300nh gi\u1ea3m gi\u00e1 b\u1eb1ng c\u00e1ch s\u1eed d\u1ee5ng \u1ee9ng d\u1ee5ng tr\u1ef1c tuy\u1ebfn t\u1eeb trang web c\u1ee7a ch\u00fang t\u00f4i.<\/p>\n<h4><em>L\u00e0m th\u1ebf n\u00e0o \u0111\u1ec3 t\u00f4i c\u00f3 \u0111\u01b0\u1ee3c k\u1ebft n\u1ed1i ca\u0301c di\u0323ch vu\u0323?<\/em><\/h4>\n<p>B\u1ea1n c\u00f3 th\u1ec3 ho\u00e0n th\u00e0nh m\u1eabu \u0111\u01a1n tr\u1ef1c tuy\u1ebfn ho\u1eb7c g\u01a1\u0309i y\u00eau c\u1ea7u g\u1ecdi l\u1ea1i tr\u00ean trang web c\u1ee7a ch\u00fang t\u00f4i. Chuy\u00ean vi\u00ean phu\u0323 tra\u0301ch v\u00ea\u0300 chuy\u1ec3n nha\u0300 c\u1ee7a ch\u00fang t\u00f4i s\u1ebd g\u1ecdi cho b\u1ea1n trong v\u00f2ng 24 gi\u1edd ho\u1eb7c b\u1ea1n c\u00f3 th\u1ec3 g\u1ecdi cho ch\u00fang t\u00f4i v\u00e0o s\u1ed1 0387975598 trong kho\u1ea3ng t\u1eeb 8 gi\u1edd 30 s\u00e1ng \u0111\u1ebfn 6 gi\u1edd 30 chi\u1ec1u v\u00e0o c\u00e1c ng\u00e0y trong tu\u1ea7n v\u00e0 9 gi\u1edd s\u00e1ng \u0111\u1ebfn 5 gi\u1edd chi\u1ec1u v\u00e0o c\u00e1c ng\u00e0y th\u1ee9 b\u1ea3y.<\/p>\n<h4><em>B\u1ea1n c\u00f3 th\u1ec3 gi\u00fap t\u00f4i n\u1ebfu t\u00f4i \u0111\u00e3 \u1edf trong ng\u00f4i nh\u00e0 c\u1ee7a t\u00f4i \u0111\u01b0\u01a1\u0323c 15 n\u0103m?<\/em><\/h4>\n<p>Ch\u00fang t\u00f4i ch\u0103\u0301c ch\u0103\u0301n la\u0300 giu\u0301p \u0111\u01b0\u01a1\u0323c. Master Connection kh\u00f4ng ch\u1ec9 giu\u0301p cho ba\u0323n di chuy\u1ec3n nh\u00e0 nhanh cho\u0301ng va\u0300 d\u1ec5 d\u00e0ng h\u01a1n ma\u0300 ch\u00fang t\u00f4i co\u0300n gi\u00fap b\u1ea1n chuy\u1ec3n \u0111\u1ed5i nh\u00e0 cung d\u1ecbch v\u1ee5 hi\u1ec7n t\u1ea1i.<\/p>\n<h4><em>T\u00f4i c\u00f3 th\u1ec3 thay \u0111\u1ed5i ng\u00e0y k\u1ebft n\u1ed1i di\u0323ch vu\u0323 \u0111\u01b0\u01a1\u0323c kh\u00f4ng?<\/em><\/h4>\n<p>\u0110i\u1ec1u n\u00e0y c\u00f3 th\u1ec3 th\u1ef1c hi\u1ec7n \u0111\u01b0\u01a1\u0323c. H\u00e3y li\u00ean h\u1ec7 v\u1edbi ch\u00fang t\u00f4i tr\u00ean (03)87975598 ho\u1eb7c qua email info@masterconnection.com.au.<\/p>\n<h4><em>T\u1ea1i sao Master Connection y\u00eau c\u1ea7u ca\u0301c chi ti\u1ebft c\u00e1 nh\u00e2n nh\u01b0 ID v\u00e0 ng\u00e0y sinh?<\/em><\/h4>\n<p>Ch\u00fang t\u00f4i thu th\u1eadp th\u00f4ng tin c\u00e1 nh\u00e2n c\u1ee7a b\u1ea1n theo qui \u0111i\u0323nh c\u1ee7a c\u00e1c nh\u00e0 cung c\u1ea5p d\u1ecbch v\u1ee5 cho m\u1ee5c \u0111\u00edch k\u1ebft n\u1ed1i ca\u0301c di\u0323ch vu\u0323 theo y\u00eau c\u1ea7u c\u1ee7a ba\u0323n. Ch\u00fang t\u00f4i kh\u00f4ng ti\u1ebft l\u1ed9 b\u00e2\u0301t ky\u0300 th\u00f4ng tin c\u00e1 nh\u00e2n c\u1ee7a b\u1ea1n ma\u0300 kh\u00f4ng c\u00f3 s\u1ef1 \u0111\u1ed3ng \u00fd c\u1ee7a b\u1ea1n.<\/p>\n<\/div>\n","protected":false},"excerpt":{"rendered":"<p>H\u1ecfi \u0110\u00e1p T\u00f4i pha\u0309i tra\u0309 cho di\u0323ch vu\u0323 na\u0300y bao nhi\u00eau? D\u1ecbch v\u1ee5 c\u1ee7a ch\u00fang t\u00f4i l\u00e0 ho\u00e0n to\u00e0n mi\u1ec5n ph\u00ed cho kha\u0301ch ha\u0300ng. N\u1ebfu d\u1ecbch v\u1ee5 c\u1ee7a b\u1ea1n l\u00e0 mi\u1ec5n ph\u00ed l\u00e0m th\u1ebf n\u00e0o \u0111\u1ec3 b\u1ea1n \u0111\u01b0\u1ee3c tr\u1ea3 ti\u1ec1n? D\u1ecbch v\u1ee5 c\u1ee7a ch\u00fang t\u00f4i ho\u00e0n to\u00e0n mi\u1ec5n ph\u00ed nh\u01b0ng ch\u00fang t\u00f4i c\u00f3 th\u1ec3 \u0111\u01b0\u1ee3c [&hellip;]<\/p>\n","protected":false},"author":1,"featured_media":0,"parent":0,"menu_order":0,"comment_status":"closed","ping_status":"closed","template":"page-templates\/page_fullwidth.php","meta":{"footnotes":""},"class_list":["post-279","page","type-page","status-publish","hentry"],"_links":{"self":[{"href":"https:\/\/masterconnection.com.au\/index.php?rest_route=\/wp\/v2\/pages\/279","targetHints":{"allow":["GET"]}}],"collection":[{"href":"https:\/\/masterconnection.com.au\/index.php?rest_route=\/wp\/v2\/pages"}],"about":[{"href":"https:\/\/masterconnection.com.au\/index.php?rest_route=\/wp\/v2\/types\/page"}],"author":[{"embeddable":true,"href":"https:\/\/masterconnection.com.au\/index.php?rest_route=\/wp\/v2\/users\/1"}],"replies":[{"embeddable":true,"href":"https:\/\/masterconnection.com.au\/index.php?rest_route=%2Fwp%2Fv2%2Fcomments&post=279"}],"version-history":[{"count":14,"href":"https:\/\/masterconnection.com.au\/index.php?rest_route=\/wp\/v2\/pages\/279\/revisions"}],"predecessor-version":[{"id":802,"href":"https:\/\/masterconnection.com.au\/index.php?rest_route=\/wp\/v2\/pages\/279\/revisions\/802"}],"wp:attachment":[{"href":"https:\/\/masterconnection.com.au\/index.php?rest_route=%2Fwp%2Fv2%2Fmedia&parent=279"}],"curies":[{"name":"wp","href":"https:\/\/api.w.org\/{rel}","templated":true}]}}