{"id":281,"date":"2017-08-08T07:39:23","date_gmt":"2017-08-08T07:39:23","guid":{"rendered":"http:\/\/wordpress.masterconnection.com.au\/?page_id=281"},"modified":"2017-09-14T04:38:16","modified_gmt":"2017-09-14T04:38:16","slug":"cach-thuc-hoat-dong","status":"publish","type":"page","link":"https:\/\/masterconnection.com.au\/?page_id=281&lang=vi","title":{"rendered":"C\u00e1ch Th\u1ee9c Ho\u1ea1t \u0110\u1ed9ng"},"content":{"rendered":"<div class=\"my-header-image\" style=\"background-image: url('http:\/\/masterconnection.com.au\/wp-content\/uploads\/2017\/08\/banner2.jpeg'); background-position-y: 80%;\"><\/div>\n<div class=\"container\">\n<div class=\"panel-grid-cell\">\n<h3 class=\"widget-title\" style=\"color: #443f3f;\">C\u00e1ch Th\u1ee9c Ho\u1ea1t \u0110\u1ed9ng<\/h3>\n<\/p><\/div>\n<div class=\"row how-it-work\">\n<div class=\"col-md-12\">\n<p>      Master Connection nh\u01b0 l\u00e0 m\u1ed9t c\u01b0\u0309a ha\u0300ng ti\u1ec7n l\u01a1\u0323i gi\u00fap b\u1ea1n k\u1ebft n\u1ed1i n\u01b0\u1edbc, \u0111i\u1ec7n, gas, \u0111i\u1ec7n tho\u1ea1i, internet, truy\u1ec1n h\u00ecnh tra\u0309 ti\u00ea\u0300n va\u0300 ca\u0301c di\u0323ch vu\u0323 kha\u0301c nhanh ch\u00f3ng v\u00e0 d\u1ec5 d\u00e0ng khi ba\u0323n di d\u01a1\u0300i nh\u00e0 ho\u1eb7c chi\u0309 t\u00ecm c\u00e1ch chuy\u00ea\u0309n \u0111\u1ed5i nh\u00e0 cung c\u1ea5p hi\u1ec7n t\u1ea1i.Th\u00f4ng qua Master Connection ba\u0323n se\u0303 nh\u00e2\u0323n \u0111\u01b0\u01a1\u0323c nhi\u00ea\u0300u ngu\u00f4\u0300n cha\u0300o gia\u0301 kha\u0301c nhau t\u01b0\u0300 ca\u0301c nha\u0300 cung c\u00e2\u0301p di\u0323ch vu\u0323 li\u00ean quan \u0111\u00ea\u0301n nha\u0300 c\u01b0\u0309a ha\u0300ng \u0111\u00e2\u0300u \u01a1\u0309 U\u0301c r\u00f4\u0300i sau \u0111o\u0301 ba\u0323n se\u0303 l\u01b0\u0323a cho\u0323n \u0111\u01b0\u01a1\u0323c di\u0323ch vu\u0323 va\u0300 nha\u0300 cung c\u00e2\u0301p phu\u0300 h\u01a1\u0323p v\u01a1\u0301i nh\u00e2\u0301t.<\/p>\n<p>      Di\u0323ch v\u1ee5 cu\u0309a chu\u0301ng t\u00f4i ho\u00e0n to\u00e0n mi\u1ec5n ph\u00ed va\u0300 ba\u0323n kh\u00f4ng bi\u0323 ra\u0300ng bu\u00f4\u0323c pha\u0309i tham gia t\u00f4\u0301i thi\u00ea\u0309u bao nhi\u00eau di\u0323ch vu\u0323 do chu\u0301ng t\u00f4i cung c\u00e2\u0301p. Vi\u0300 v\u00e2\u0323y ba\u0323n kh\u00f4ng pha\u0309i tra\u0309 b\u00e2\u0301t c\u01b0\u0301 chi phi\u0301 na\u0300o cho chu\u0301ng t\u00f4i. Tuy nhi\u00ean m\u00f4\u0323t s\u00f4\u0301 nha\u0300 cung c\u00e2\u0301p di\u0323ch vu\u0323 v\u00e2\u0303n ti\u0301nh cho ba\u0323n nh\u01b0\u0303ng chi phi\u0301 k\u00ea\u0301t n\u00f4\u0301i di\u0323ch vu\u0323 nh\u01b0 khi ba\u0323n \u0111\u0103ng ky\u0301 tr\u01b0\u0323c ti\u00ea\u0301p v\u01a1\u0301i ho\u0323.<\/p>\n<p>      Thu\u0309 tu\u0323c cu\u0309a chu\u0301ng t\u00f4i r\u00e2\u0301t d\u00ea\u0303 da\u0300ng va\u0300 \u0111\u01a1n gia\u0309n.Ba\u0323n chi\u0309 c\u00e2\u0300n va\u0300i phu\u0301t \u0111\u00ea\u0309 hoa\u0300n t\u00e2\u0301t h\u00f4\u0300 s\u01a1 \u0111\u0103ng ky\u0301 tr\u00ean ma\u0323ng.<\/p><\/div>\n<div class=\"col-md-12\" style=\"margin-top: 50px;\">\n<div class=\"service col-md-3\">\n<div class=\"roll-icon-box\">\n<div class=\"icon\"><i class=\"fa fa-user-plus\" aria-hidden=\"true\"><\/i><\/div>\n<div class=\"content\">\n<h3 style=\"color: #443f3f;\">\u0110\u0103ng Ky\u0301 Tr\u1ef1c Tuy\u1ebfn<\/h3>\n<p>            Ba\u0323n co\u0301 th\u00ea\u0309 \u0111\u0103ng ky\u0301 h\u00f4\u0300 s\u01a1 tr\u00ean trang web cu\u0309a chu\u0301ng t\u00f4i t\u01b0\u0300 nhi\u00ea\u0300u thi\u00ea\u0301t bi\u0323 nh\u01b0 ma\u0301y ti\u0301nh, ma\u0301y ti\u0301nh ba\u0309ng ho\u0103\u0323c \u0111i\u00ea\u0323n thoa\u0323i di \u0111\u00f4\u0323ng.<\/p>\n<p>            &nbsp;<\/p><\/div>\n<p>          <!--.info--><\/p><\/div>\n<\/p><\/div>\n<div class=\"service col-md-3\">\n<div class=\"roll-icon-box\">\n<div class=\"icon\"><i class=\"fa fa-shopping-cart\" aria-hidden=\"true\"><\/i><\/div>\n<div class=\"content\">\n<h3 style=\"color: #443f3f;\">\u0110\u0103\u0323t Ha\u0300ng<\/h3>\n<p>            \u0110i\u00ea\u0300n th\u00f4ng tin chi ti\u00ea\u0301t cu\u0309a ba\u0323n, cho\u0323n di\u0323ch vu\u0323, nha\u0300 cung c\u00e2\u0301p di\u0323ch vu\u0323 va\u0300 h\u1ee3p \u0111\u1ed3ng hi\u00ea\u0323n co\u0301. G\u1eedi \u0111\u01a1n \u0111\u0103ng k\u00fd \u0111i b\u1ea1n s\u1ebd nh\u1eadn \u0111\u01b0\u1ee3c email v\u00e0 tin nh\u0103\u0301n xa\u0301c nh\u00e2\u0323n \u0111\u01a1n ha\u0300ng cu\u0309a ba\u0323n.<\/p>\n<p>            &nbsp;<\/p><\/div>\n<p>          <!--.info--><\/p><\/div>\n<\/p><\/div>\n<div class=\"service col-md-3\">\n<div class=\"roll-icon-box\">\n<div class=\"icon\"><i class=\"fa fa-phone\" aria-hidden=\"true\"><\/i><\/div>\n<div class=\"content\">\n<h3 style=\"color: #443f3f;\">H\u1ed7 Tr\u1ee3 Kh\u00e1ch H\u00e0ng<\/h3>\n<p>            Thay v\u00ec ti\u1ebfp t\u1ee5c h\u00f4\u0300 s\u01a1 \u0111\u0103ng k\u00fd tr\u1ef1c tuy\u1ebfn b\u1ea1n c\u00f3 th\u1ec3 ch\u1ecdn y\u00eau c\u1ea7u g\u1ecdi l\u1ea1i. Chuy\u00ean vi\u00ean phu\u0323 tra\u0301ch di chuy\u1ec3n nha\u0300 c\u1ee7a ch\u00fang t\u00f4i s\u1ebd g\u1ecdi cho b\u1ea1n \u0111\u1ec3 gi\u00fap b\u1ea1n th\u01b0\u0323c hi\u00ea\u0323n vi\u00ea\u0323c di d\u01a1\u0300i.<\/p>\n<p>            &nbsp;<\/p><\/div>\n<p>          <!--.info--><\/p><\/div>\n<\/p><\/div>\n<div class=\"service col-md-3\">\n<div class=\"roll-icon-box\">\n<div class=\"icon\"><i class=\"fa fa-refresh\" aria-hidden=\"true\"><\/i><\/div>\n<div class=\"content\">\n<h3 style=\"color: #443f3f;\">X\u1eed L\u00fd \u0110\u01a1n \u0110\u1eb7t H\u00e0ng<\/h3>\n<p>            Th\u00f4ng tin v\u00e0 y\u00eau c\u1ea7u c\u1ee7a b\u1ea1n \u0111\u01b0\u1ee3c g\u1eedi \u0111\u1ebfn c\u00e1c nh\u00e0 cung c\u1ea5p d\u1ecbch v\u1ee5 \u0111\u00e3 ch\u1ecdn \u0111\u1ec3 x\u1eed l\u00fd \u0111\u01a1n h\u00e0ng. Chu\u0301ng t\u00f4i va\u0300 nh\u00e0 cung c\u1ea5p d\u1ecbch v\u1ee5 c\u00f3 th\u1ec3 li\u00ean h\u1ec7 tr\u1ef1c ti\u1ebfp v\u1edbi b\u1ea1n \u0111\u1ec3 xa\u0301c nh\u00e2\u0323n th\u00eam th\u00f4ng tin c\u00e2\u0300n thi\u00ea\u0301t \u0111\u1ec3 ho\u00e0n th\u00e0nh \u0111\u01a1n h\u00e0ng.<\/p>\n<p>            &nbsp;<\/p><\/div>\n<p>          <!--.info--><\/p><\/div>\n<\/p><\/div>\n<\/p><\/div>\n<\/p><\/div>\n<\/div>\n","protected":false},"excerpt":{"rendered":"<p>C\u00e1ch Th\u1ee9c Ho\u1ea1t \u0110\u1ed9ng Master Connection nh\u01b0 l\u00e0 m\u1ed9t c\u01b0\u0309a ha\u0300ng ti\u1ec7n l\u01a1\u0323i gi\u00fap b\u1ea1n k\u1ebft n\u1ed1i n\u01b0\u1edbc, \u0111i\u1ec7n, gas, \u0111i\u1ec7n tho\u1ea1i, internet, truy\u1ec1n h\u00ecnh tra\u0309 ti\u00ea\u0300n va\u0300 ca\u0301c di\u0323ch vu\u0323 kha\u0301c nhanh ch\u00f3ng v\u00e0 d\u1ec5 d\u00e0ng khi ba\u0323n di d\u01a1\u0300i nh\u00e0 ho\u1eb7c chi\u0309 t\u00ecm c\u00e1ch chuy\u00ea\u0309n \u0111\u1ed5i nh\u00e0 cung c\u1ea5p hi\u1ec7n t\u1ea1i.Th\u00f4ng qua Master [&hellip;]<\/p>\n","protected":false},"author":1,"featured_media":0,"parent":0,"menu_order":0,"comment_status":"closed","ping_status":"closed","template":"page-templates\/page_fullwidth.php","meta":{"footnotes":""},"class_list":["post-281","page","type-page","status-publish","hentry"],"_links":{"self":[{"href":"https:\/\/masterconnection.com.au\/index.php?rest_route=\/wp\/v2\/pages\/281","targetHints":{"allow":["GET"]}}],"collection":[{"href":"https:\/\/masterconnection.com.au\/index.php?rest_route=\/wp\/v2\/pages"}],"about":[{"href":"https:\/\/masterconnection.com.au\/index.php?rest_route=\/wp\/v2\/types\/page"}],"author":[{"embeddable":true,"href":"https:\/\/masterconnection.com.au\/index.php?rest_route=\/wp\/v2\/users\/1"}],"replies":[{"embeddable":true,"href":"https:\/\/masterconnection.com.au\/index.php?rest_route=%2Fwp%2Fv2%2Fcomments&post=281"}],"version-history":[{"count":10,"href":"https:\/\/masterconnection.com.au\/index.php?rest_route=\/wp\/v2\/pages\/281\/revisions"}],"predecessor-version":[{"id":773,"href":"https:\/\/masterconnection.com.au\/index.php?rest_route=\/wp\/v2\/pages\/281\/revisions\/773"}],"wp:attachment":[{"href":"https:\/\/masterconnection.com.au\/index.php?rest_route=%2Fwp%2Fv2%2Fmedia&parent=281"}],"curies":[{"name":"wp","href":"https:\/\/api.w.org\/{rel}","templated":true}]}}