{"id":283,"date":"2017-08-08T07:48:05","date_gmt":"2017-08-08T07:48:05","guid":{"rendered":"http:\/\/wordpress.masterconnection.com.au\/?page_id=283"},"modified":"2017-09-14T03:46:09","modified_gmt":"2017-09-14T03:46:09","slug":"chinh-sach-bao-mat","status":"publish","type":"page","link":"https:\/\/masterconnection.com.au\/?page_id=283&lang=vi","title":{"rendered":"Ch\u00ednh S\u00e1ch B\u1ea3o M\u1eadt"},"content":{"rendered":"<div class=\"my-header-image\" style=\"background-image: url('http:\/\/masterconnection.com.au\/wp-content\/uploads\/2017\/08\/banner2.jpeg'); background-position-y: 80%;\"><\/div>\n<div class=\"container\">\n<div class=\"panel-grid-cell\">\n<h3 class=\"widget-title\" style=\"color: #443f3f;\">Chi\u0301nh Sa\u0301ch Ba\u0309o M\u00e2\u0323t<\/h3>\n<\/div>\n<h4 style=\"margin-top: 25px;\"><em>B\u1ea3o v\u1ec7 th\u00f4ng tin c\u1ee7a b\u1ea1n<\/em><\/h4>\n<p>Master Connection la\u0300 t\u00ean giao d\u1ecbch cu\u0309a c\u00f4ng ty tra\u0301ch nhi\u00ea\u0323m h\u01b0\u0303u ha\u0323n CH International Connection co\u0301 s\u00f4\u0301 \u0111\u0103ng ky\u0301 kinh doanh(ABN) \u01a1\u0309 U\u0301c la\u0300 28614615379.Chu\u0301ng t\u00f4i ho\u00e0n to\u00e0n cam k\u1ebft b\u1ea3o v\u1ec7 th\u00f4ng tin v\u00e0 quy\u1ec1n ri\u00eang t\u01b0 c\u00e1 nh\u00e2n c\u1ee7a b\u1ea1n. Ch\u00fang t\u00f4i tu\u00e2n thu\u0309 c\u00e1c nguy\u00ean t\u1eafc b\u1ea3o m\u1eadt trong \u0111\u1ea1o lu\u1eadt b\u1ea3o m\u1eadt n\u0103m 1988 c\u1ee7a \u00dac. Ch\u00ednh s\u00e1ch b\u1ea3o m\u1eadt cho bi\u00ea\u0301t ca\u0301ch ch\u00fang t\u00f4i qu\u1ea3n l\u00fd th\u00f4ng tin c\u00e1 nh\u00e2n c\u1ee7a b\u1ea1n v\u01a1\u0301i t\u01b0 ca\u0301ch ba\u0323n l\u00e0 m\u1ed9t kh\u00e1ch h\u00e0ng ho\u1eb7c ng\u01b0\u1eddi s\u1eed d\u1ee5ng trang web c\u1ee7a ch\u00fang t\u00f4i. T\u1ea5t c\u1ea3 c\u00e1c th\u00f4ng tin c\u1ee7a b\u1ea1n cung c\u1ea5p cho ch\u00fang t\u00f4i s\u1ebd \u0111\u01b0\u1ee3c gi\u1eef b\u00ed m\u1eadt.<\/p>\n<p>Ch\u00ednh s\u00e1ch b\u1ea3o m\u1eadt n\u00e0y c\u00f3 th\u1ec3 \u0111\u01b0\u1ee3c chu\u0301ng t\u00f4i c\u1eadp nh\u1eadt th\u01b0\u01a1\u0300ng xuy\u00ean. B\u1ea1n n\u00ean theo do\u0303i c\u1eadp nh\u1eadt m\u1edbi nh\u1ea5t tr\u00ean trang web c\u1ee7a ch\u00fang t\u00f4i.<\/p>\n<h4 style=\"margin-top: 25px;\"><em>Ca\u0301c th\u00f4ng tin c\u00e1 nh\u00e2n \u0111\u01b0\u01a1\u0323c chu\u0301ng t\u00f4i thu th\u1eadp v\u00e0 l\u01b0u gi\u1eef nh\u01b0 th\u00ea\u0301 na\u0300o?<\/em><\/h4>\n<p>Master Connection c\u00e2\u0300n thu th\u1eadp th\u00f4ng tin c\u00e1 nh\u00e2n c\u1ee7a b\u1ea1n \u0111\u1ec3 ti\u00ea\u0301n ha\u0300nh th\u01b0\u0323c hi\u00ea\u0323n vi\u00ea\u0323c \u0111\u0103ng ky\u0301 ho\u0103\u0323c hu\u0309y ca\u0301c di\u0323ch vu\u0323 k\u1ebft n\u1ed1i va\u0300 c\u00e1c d\u1ecbch v\u1ee5 kh\u00e1c theo y\u00eau c\u1ea7u c\u1ee7a b\u1ea1n. Ch\u00fang t\u00f4i ch\u1ee7 y\u1ebfu thu th\u1eadp v\u00e0 l\u01b0u gi\u1eef th\u00f4ng tin c\u00e1 nh\u00e2n cu\u0309a b\u1ea1n nh\u01b0<\/p>\n<ul>\n<li>t\u00ean;<\/li>\n<li>gi\u1edbi t\u00ednh;<\/li>\n<li>ng\u00e0y sinh;<\/li>\n<li>\u0111\u1ecba ch\u1ec9;<\/li>\n<li>ng\u00e0y di chuy\u1ec3n;<\/li>\n<li>th\u00f4ng tin \u0111\u00ea\u0309 li\u00ean la\u0323c (s\u00f4\u0301 \u0111i\u1ec7n tho\u1ea1i, \u0111i\u1ec7n tho\u1ea1i di \u0111\u1ed9ng, \u0111\u1ecba ch\u1ec9 email);<\/li>\n<li>nh\u1eadn d\u1ea1ng chi ti\u1ebft (s\u1ed1 gi\u1ea5y ph\u00e9p l\u00e1i xe ho\u1eb7c s\u1ed1 h\u1ed9 chi\u1ebfu);<\/li>\n<li>chi ti\u1ebft th\u1ebb gi\u1ea3m gi\u00e1 (concession card);<\/li>\n<li>chi ti\u1ebft th\u1ebb t\u00edn d\u1ee5ng ho\u1eb7c t\u00e0i kho\u1ea3n ng\u00e2n h\u00e0ng cho vi\u00ea\u0323c thanh to\u00e1n ho\u1eb7c thanh to\u00e1n tr\u1ef1c tuy\u00ea\u0301n.<\/li>\n<\/ul>\n<p>N\u1ebfu b\u1ea1n kh\u00f4ng cung c\u1ea5p c\u00e1c th\u00f4ng tin c\u00e1 nh\u00e2n \u0111\u01b0\u1ee3c m\u00f4 t\u1ea3 \u1edf tr\u00ean ch\u00fang t\u00f4i c\u00f3 th\u1ec3 kh\u00f4ng th\u01b0\u0323c hi\u00ea\u0323n \u0111\u01b0\u01a1\u0323c vi\u00ea\u0323c \u0111\u0103ng ky\u0301 cung c\u1ea5p ca\u0301c sa\u0309n ph\u00e2\u0309m, d\u1ecbch v\u1ee5 va\u0300 cu\u0303ng nh\u01b0 ca\u0301c ch\u01b0\u01a1ng tr\u00ecnh khuy\u1ebfn m\u00e3i cho ba\u0323n.<\/p>\n<h4 style=\"margin-top: 25px;\"><em>L\u00e0m th\u1ebf n\u00e0o \u0111\u1ec3 ch\u00fang t\u00f4i thu th\u1eadp th\u00f4ng tin c\u00e1 nh\u00e2n c\u1ee7a b\u1ea1n?<\/em><\/h4>\n<p>Ch\u00fang t\u00f4i c\u00f3 th\u1ec3 thu th\u1eadp th\u00f4ng tin c\u00e1 nh\u00e2n c\u1ee7a b\u1ea1n v\u1ec1 b\u1ea1n t\u1eeb<\/p>\n<ul>\n<li>m\u1eabu \u0111\u0103ng k\u00fd c\u1ee7a b\u1ea1n tr\u00ean trang web c\u1ee7a ch\u00fang t\u00f4i;<\/li>\n<li>b\u1ea1n go\u0323i \u0111i\u00ea\u0323n tr\u01b0\u0323c ti\u00ea\u0301p cho ch\u00fang t\u00f4i ho\u1eb7c qua email, b\u01b0u \u0111i\u1ec7n, fax;<\/li>\n<li>th\u00f4ng qua ng\u01b0\u01a1\u0300i \u0111\u1ea1i di\u1ec7n ho\u1eb7c ng\u01b0\u1eddi \u0111\u01b0\u01a1\u0323c ch\u00fang t\u00f4i \u1ee7y quy\u1ec1n;<\/li>\n<li>c\u00e1c b\u00ean th\u1ee9 ba ch\u1eb3ng h\u1ea1n nh\u01b0 c\u00e1c \u0111\u1ea1i l\u00fd b\u1ea5t \u0111\u1ed9ng s\u1ea3n \u0111\u01b0\u1ee3c c\u1ea5p ph\u00e9p, c\u00f4ng ty qu\u1ea3n l\u00fd b\u1ea5t \u0111\u1ed9ng s\u1ea3n va\u0300 c\u00e1c \u0111\u1ed1i t\u00e1c.<\/li>\n<\/ul>\n<h4 style=\"margin-top: 25px;\"><em>Ch\u00fang t\u00f4i s\u1eed d\u1ee5ng th\u00f4ng tin c\u00e1 nh\u00e2n c\u1ee7a b\u1ea1n nh\u01b0 th\u1ebf n\u00e0o?<\/em><\/h4>\n<p>Ch\u00fang t\u00f4i c\u00f3 th\u1ec3 ti\u1ebft l\u1ed9 th\u00f4ng tin cu\u0309a b\u1ea1n cho c\u00e1c \u0111\u00f4\u0301i ta\u0301c, c\u00e1c nh\u00e0 cung c\u1ea5p d\u1ecbch v\u1ee5 ho\u1eb7c c\u00e1c b\u00ean th\u1ee9 ba k\u00fd h\u1ee3p \u0111\u1ed3ng v\u1edbi ch\u00fang t\u00f4i \u0111\u1ec3 cung c\u1ea5p c\u00e1c sa\u0309n ph\u00e2\u0309m d\u1ecbch v\u1ee5 ma\u0300 ba\u0323n y\u00eau c\u00e2\u0300u thay m\u1eb7t ch\u00fang t\u00f4i.<\/p>\n<h4 style=\"margin-top: 25px;\"><em>Ti\u1ebfp th\u1ecb v\u00e0 b\u1ea3o m\u1eadt<\/em><\/h4>\n<p>Ch\u00fang t\u00f4i c\u00f3 th\u1ec3 s\u1eed d\u1ee5ng th\u00f4ng tin c\u00e1 nh\u00e2n c\u1ee7a b\u1ea1n \u0111\u1ec3 g\u1eedi cho b\u1ea1n c\u00e1c th\u00f4ng tin ti\u1ebfp th\u1ecb va\u0300 qu\u1ea3ng c\u00e1o. Ch\u00fang t\u00f4i c\u0169ng c\u00f3 th\u1ec3 g\u1eedi cho b\u1ea1n tr\u1ef1c ti\u1ebfp c\u00e1c th\u00f4ng tin ti\u1ebfp th\u1ecb va\u0300 qu\u1ea3ng c\u00e1o v\u00ea\u0300 d\u1ecbch v\u1ee5 cu\u0309a c\u00f4ng ty chu\u0301ng t\u00f4i va\u0300 cu\u0303ng nh\u01b0 cu\u0309a c\u00e1c \u0111\u00f4\u0301i ta\u0301c cu\u0309a chu\u0301ng t\u00f4i tr\u00ean c\u01a1 s\u01a1\u0309 xem xe\u0301t co th\u00ea\u0309 \u0111em la\u0323i l\u01a1\u0323i i\u0301ch cho ba\u0323n. Ch\u00fang t\u00f4i s\u1ebd ch\u1ec9 l\u00e0m nh\u01b0 v\u1eady v\u1edbi s\u1ef1 \u0111\u1ed3ng \u00fd c\u1ee7a b\u1ea1n.<br \/>\nNh\u1eefng th\u00f4ng tin ti\u1ebfp th\u1ecb c\u00f3 th\u1ec3 \u0111\u01b0\u1ee3c g\u1eedi d\u01b0\u1edbi nhi\u1ec1u h\u00ecnh th\u1ee9c kha\u0301c nhau bao g\u1ed3m th\u01b0, email, SMS, fax. B\u1ea1n co\u0301 th\u00ea\u0309 y\u00eau c\u00e2\u0300u chu\u0301ng t\u00f4i chi\u0309 li\u00ean la\u0323c v\u01a1\u0301i ba\u0323n m\u00f4\u0323t trong nh\u01b0\u0303ng hi\u0300nh th\u01b0\u0301c \u0111a\u0303 n\u00eau \u01a1\u0309 tr\u00ean thi\u0300 ch\u00fang t\u00f4i s\u1ebd c\u1ed1 g\u1eafng s\u1eed d\u1ee5ng hi\u0300nh th\u01b0\u0301c \u0111o\u0301 b\u1ea5t c\u1ee9 khi n\u00e0o.<br \/>\nB\u1ea1n c\u00f3 th\u1ec3 l\u1ef1a ch\u1ecdn kh\u00f4ng nh\u1eadn th\u00f4ng tin ti\u1ebfp th\u1ecb t\u1eeb ch\u00fang t\u00f4i b\u1ea5t c\u1ee9 l\u00fac n\u00e0o b\u1eb1ng c\u00e1ch g\u1eedi email \u0111\u1ebfn <a href=\"mailto:info@masterconnection@com.au\">info@masterconnection@com.au<\/a>.<\/p>\n<h4 style=\"margin-top: 25px;\"><em>Th\u00f4ng tin li\u00ean l\u1ea1c<\/em><\/h4>\n<p>N\u1ebfu b\u1ea1n c\u00f3 b\u1ea5t k\u1ef3 c\u00e2u h\u1ecfi v\u1ec1 ca\u0301ch b\u1ea3o m\u1eadt c\u1ee7a ch\u00fang t\u00f4i xin vui l\u00f2ng li\u00ean h\u1ec7 v\u1edbi ch\u00fang t\u00f4i qua email <a href=\"mailto:info@masterconnection@com.au\">info@masterconnection@com.au<\/a>.<\/p>\n<\/div>\n","protected":false},"excerpt":{"rendered":"<p>Chi\u0301nh Sa\u0301ch Ba\u0309o M\u00e2\u0323t B\u1ea3o v\u1ec7 th\u00f4ng tin c\u1ee7a b\u1ea1n Master Connection la\u0300 t\u00ean giao d\u1ecbch cu\u0309a c\u00f4ng ty tra\u0301ch nhi\u00ea\u0323m h\u01b0\u0303u ha\u0323n CH International Connection co\u0301 s\u00f4\u0301 \u0111\u0103ng ky\u0301 kinh doanh(ABN) \u01a1\u0309 U\u0301c la\u0300 28614615379.Chu\u0301ng t\u00f4i ho\u00e0n to\u00e0n cam k\u1ebft b\u1ea3o v\u1ec7 th\u00f4ng tin v\u00e0 quy\u1ec1n ri\u00eang t\u01b0 c\u00e1 nh\u00e2n c\u1ee7a b\u1ea1n. Ch\u00fang t\u00f4i [&hellip;]<\/p>\n","protected":false},"author":1,"featured_media":0,"parent":0,"menu_order":0,"comment_status":"closed","ping_status":"closed","template":"page-templates\/page_fullwidth.php","meta":{"footnotes":""},"class_list":["post-283","page","type-page","status-publish","hentry"],"_links":{"self":[{"href":"https:\/\/masterconnection.com.au\/index.php?rest_route=\/wp\/v2\/pages\/283","targetHints":{"allow":["GET"]}}],"collection":[{"href":"https:\/\/masterconnection.com.au\/index.php?rest_route=\/wp\/v2\/pages"}],"about":[{"href":"https:\/\/masterconnection.com.au\/index.php?rest_route=\/wp\/v2\/types\/page"}],"author":[{"embeddable":true,"href":"https:\/\/masterconnection.com.au\/index.php?rest_route=\/wp\/v2\/users\/1"}],"replies":[{"embeddable":true,"href":"https:\/\/masterconnection.com.au\/index.php?rest_route=%2Fwp%2Fv2%2Fcomments&post=283"}],"version-history":[{"count":9,"href":"https:\/\/masterconnection.com.au\/index.php?rest_route=\/wp\/v2\/pages\/283\/revisions"}],"predecessor-version":[{"id":731,"href":"https:\/\/masterconnection.com.au\/index.php?rest_route=\/wp\/v2\/pages\/283\/revisions\/731"}],"wp:attachment":[{"href":"https:\/\/masterconnection.com.au\/index.php?rest_route=%2Fwp%2Fv2%2Fmedia&parent=283"}],"curies":[{"name":"wp","href":"https:\/\/api.w.org\/{rel}","templated":true}]}}