{"id":285,"date":"2017-08-08T07:48:31","date_gmt":"2017-08-08T07:48:31","guid":{"rendered":"http:\/\/wordpress.masterconnection.com.au\/?page_id=285"},"modified":"2017-09-14T03:47:03","modified_gmt":"2017-09-14T03:47:03","slug":"dieu-khoan-va-dieu-kien","status":"publish","type":"page","link":"https:\/\/masterconnection.com.au\/?page_id=285&lang=vi","title":{"rendered":"\u0110i\u1ec1u kho\u1ea3n v\u00e0 \u0110i\u1ec1u ki\u1ec7n"},"content":{"rendered":"<div class=\"my-header-image\" style=\"background-image: url('http:\/\/masterconnection.com.au\/wp-content\/uploads\/2017\/08\/banner2.jpeg'); background-position-y: 80%;\"><\/div>\n<div class=\"container\">\n<div class=\"panel-grid-cell\">\n<h3 class=\"widget-title\" style=\"color: #443f3f;\">\u0110i\u1ec1u Kho\u1ea3n V\u00e0 \u0110i\u1ec1u Ki\u1ec7n<\/h3>\n<\/div>\n<p>Ch\u00fang t\u00f4i s\u1eed d\u1ee5ng ca\u0301c t\u1eeb &#8220;ch\u00fang t\u00f4i&#8221;, &#8220;c\u1ee7a ch\u00fang t\u00f4i&#8221; tr\u00ean trang web t\u00f4i c\u00f3 ngh\u0129a \u0111o\u0301 l\u00e0 Master Connection.<\/p>\n<p>Vi\u1ec7c s\u1eed d\u1ee5ng trang web v\u00e0 d\u1ecbch v\u1ee5 c\u1ee7a ch\u00fang t\u00f4i ph\u1ea3i tu\u00e2n theo C\u00e1c \u0110i\u1ec1u Kho\u1ea3n v\u00e0 \u0110i\u1ec1u Ki\u1ec7n, Ch\u00ednh s\u00e1ch B\u1ea3o m\u1eadt c\u1ee7a ch\u00fang t\u00f4i.<\/p>\n<p>Ch\u00fang t\u00f4i c\u00f3 th\u1ec3 nh\u1eadn \u0111\u01b0\u1ee3c c\u00e1c chi ti\u1ebft x\u00e1c nh\u1eadn t\u1eeb b\u1ea1n ho\u1eb7c nh\u00e0 cung c\u1ea5p d\u1ecbch v\u1ee5 c\u1ee7a b\u1ea1n v\u1ec1 s\u00f4\u0301 \u0111\u0103ng ky\u0301 \u0111\u00f4\u0300ng h\u00f4\u0300 \u0111i\u00ea\u0323n (NMI), s\u1ed1 \u0111\u0103ng k\u00fd gas (MIRN) v\u00e0 c\u00e1c nh\u00e0 cung c\u1ea5p di\u0323ch vu\u0323 ti\u1ec7n \u00edch t\u1ea1i nh\u00e0 c\u1ee7a b\u1ea1n \u0111\u1ec3 la\u0300m thu\u0309 tu\u0323c \u0111\u0103ng ky\u0301 thay cho b\u1ea1n.<\/p>\n<p>Khi b\u1ea1n s\u1eed d\u1ee5ng d\u1ecbch v\u1ee5 c\u1ee7a ch\u00fang t\u00f4i b\u1ea1n c\u1ea7n ph\u1ea3i cung c\u00e2\u0301p th\u00f4ng tin c\u00e1 nh\u00e2n c\u00e2\u0300n thi\u00ea\u0301t c\u1ee7a b\u1ea1n cho chu\u0301ng t\u00f4i nh\u0103\u0300m m\u1ee5c \u0111\u00edch \u0111\u0103ng ky\u0301, hu\u0309y bo\u0309 ca\u0301c di\u0323ch vu\u0323 ho\u0103\u0323c chuy\u1ec3n \u0111\u00f4\u0309i nha\u0300 cung c\u00e2\u0301p di\u0323ch vu\u0323 ma\u0300 ba\u0323n \u0111a\u0303 l\u01b0\u0323a cho\u0323n.<br \/>\nMaster Connection s\u1ebd ti\u1ebft l\u1ed9 th\u00f4ng tin c\u00e1 nh\u00e2n c\u1ee7a b\u1ea1n cho ca\u0301c nha\u0300 cung c\u00e2\u0301p di\u0323ch vu\u0323 ma\u0300 b\u1ea1n \u0111a\u0303 l\u1ef1a ch\u1ecdn \u0111\u1ec3 x\u1eed l\u00fd y\u00eau c\u1ea7u c\u1ee7a b\u1ea1n thay cho ch\u00fang t\u00f4i.<\/p>\n<p>Ch\u00fang t\u00f4i cung c\u00e2\u0301p d\u1ecbch v\u1ee5 hoa\u0300n toa\u0300n mi\u1ec5n ph\u00ed vi\u0300 v\u00e2\u0323y ba\u0323n kh\u00f4ng pha\u0309i tra\u0309 b\u00e2\u0301t ky\u0300 chi ph\u00ed na\u0300o khi ba\u0323n s\u01b0\u0309 du\u0323ng d\u1ecbch v\u1ee5 cu\u0309a ch\u00fang t\u00f4i. B\u1ea1n c\u00f3 th\u1ec3 ph\u1ea3i tr\u1ea3 cho nha\u0300 cung c\u1ea5p d\u1ecbch v\u1ee5 c\u1ee7a b\u1ea1n d\u01b0\u01a1\u0301i ca\u0301c da\u0323ng chi phi\u0301 nh\u01b0 hu\u0309y bo\u0309 di\u0323ch vu\u0323, ph\u00ed k\u1ebft n\u1ed1i, h\u1ee7y b\u1ecf h\u01a1\u0323p \u0111\u00f4\u0300ng tr\u01b0\u01a1\u0301c th\u01a1\u0300i ha\u0323n v\u00e0 phi\u0301 s\u01b0\u0309 du\u0323ng di\u0323ch vu\u0323.<\/p>\n<p>Master Connection c\u00f3 th\u1ec3 \u0111\u01b0\u1ee3c tr\u1ea3 ti\u1ec1n hoa h\u1ed3ng t\u1eeb nh\u00e0 cung c\u1ea5p d\u1ecbch v\u1ee5 v\u00e0 c\u00e1c \u0111\u1ed1i t\u00e1c, \u0111a\u0323i ly\u0301 c\u1ee7a ch\u00fang t\u00f4i c\u00f3 th\u1ec3 nh\u1eadn \u0111\u01b0\u1ee3c m\u1ed9t kho\u1ea3n hoa h\u1ed3ng t\u1eeb ch\u00fang t\u00f4i.<\/p>\n<p>Ch\u00fang t\u00f4i kh\u00f4ng \u0111\u1ea3m b\u1ea3o ca\u0301c nha\u0300 cung c\u1ea5p d\u1ecbch v\u1ee5 c\u1ee7a ch\u00fang t\u00f4i lu\u00f4n l\u00e0 nh\u00e0 nh\u01b0\u0303ng nha\u0300 cung c\u1ea5p d\u1ecbch v\u1ee5 v\u1edbi gi\u00e1 r\u1ebb nh\u1ea5t ho\u1eb7c ph\u00f9 h\u1ee3p nh\u1ea5t cho nhu c\u1ea7u s\u01b0\u0309 du\u0323ng c\u1ee7a b\u1ea1n.<\/p>\n<p>Ch\u00fang t\u00f4i, ca\u0301c \u0111\u1ea1i l\u00fd, \u0111\u1ed1i t\u00e1c c\u1ee7a ch\u00fang t\u00f4i kh\u00f4ng ch\u1ea5p nh\u1eadn tr\u00e1ch nhi\u1ec7m \u0111\u1ed1i v\u1edbi b\u1ea5t k\u1ef3 t\u1ed5n th\u1ea5t ho\u1eb7c thi\u1ec7t h\u1ea1i g\u00e2y ra do s\u1ef1 ch\u1eadm tr\u1ec5, ho\u1eb7c di\u0323ch vu\u0323 kh\u00f4ng \u0111\u01b0\u01a1\u0323c k\u1ebft n\u1ed1i v\u00e0, ho\u1eb7c bi\u0323 c\u0103\u0301t ho\u1eb7c cung c\u1ea5p c\u00e1c d\u1ecbch v\u1ee5 \u0111\u01b0\u1ee3c ch\u1ec9 \u0111\u1ecbnh.<\/p>\n<\/div>\n","protected":false},"excerpt":{"rendered":"<p>\u0110i\u1ec1u Kho\u1ea3n V\u00e0 \u0110i\u1ec1u Ki\u1ec7n Ch\u00fang t\u00f4i s\u1eed d\u1ee5ng ca\u0301c t\u1eeb &#8220;ch\u00fang t\u00f4i&#8221;, &#8220;c\u1ee7a ch\u00fang t\u00f4i&#8221; tr\u00ean trang web t\u00f4i c\u00f3 ngh\u0129a \u0111o\u0301 l\u00e0 Master Connection. Vi\u1ec7c s\u1eed d\u1ee5ng trang web v\u00e0 d\u1ecbch v\u1ee5 c\u1ee7a ch\u00fang t\u00f4i ph\u1ea3i tu\u00e2n theo C\u00e1c \u0110i\u1ec1u Kho\u1ea3n v\u00e0 \u0110i\u1ec1u Ki\u1ec7n, Ch\u00ednh s\u00e1ch B\u1ea3o m\u1eadt c\u1ee7a ch\u00fang t\u00f4i. Ch\u00fang t\u00f4i [&hellip;]<\/p>\n","protected":false},"author":1,"featured_media":0,"parent":0,"menu_order":0,"comment_status":"closed","ping_status":"closed","template":"page-templates\/page_fullwidth.php","meta":{"footnotes":""},"class_list":["post-285","page","type-page","status-publish","hentry"],"_links":{"self":[{"href":"https:\/\/masterconnection.com.au\/index.php?rest_route=\/wp\/v2\/pages\/285","targetHints":{"allow":["GET"]}}],"collection":[{"href":"https:\/\/masterconnection.com.au\/index.php?rest_route=\/wp\/v2\/pages"}],"about":[{"href":"https:\/\/masterconnection.com.au\/index.php?rest_route=\/wp\/v2\/types\/page"}],"author":[{"embeddable":true,"href":"https:\/\/masterconnection.com.au\/index.php?rest_route=\/wp\/v2\/users\/1"}],"replies":[{"embeddable":true,"href":"https:\/\/masterconnection.com.au\/index.php?rest_route=%2Fwp%2Fv2%2Fcomments&post=285"}],"version-history":[{"count":10,"href":"https:\/\/masterconnection.com.au\/index.php?rest_route=\/wp\/v2\/pages\/285\/revisions"}],"predecessor-version":[{"id":735,"href":"https:\/\/masterconnection.com.au\/index.php?rest_route=\/wp\/v2\/pages\/285\/revisions\/735"}],"wp:attachment":[{"href":"https:\/\/masterconnection.com.au\/index.php?rest_route=%2Fwp%2Fv2%2Fmedia&parent=285"}],"curies":[{"name":"wp","href":"https:\/\/api.w.org\/{rel}","templated":true}]}}